{"id":20,"date":"2023-11-06T14:02:10","date_gmt":"2023-11-06T14:02:10","guid":{"rendered":"https:\/\/artprojekt.vertikahl.dev\/?page_id=20"},"modified":"2023-11-22T09:53:23","modified_gmt":"2023-11-22T09:53:23","slug":"start","status":"publish","type":"page","link":"https:\/\/artprojekt.vertikahl.dev\/","title":{"rendered":"Start"},"content":{"rendered":"<section class=\"wpb-content-wrapper\"><p>[vc_row row_height_percent=&#8220;0&#8243; override_padding=&#8220;yes&#8220; h_padding=&#8220;2&#8243; top_padding=&#8220;4&#8243; bottom_padding=&#8220;4&#8243; overlay_alpha=&#8220;50&#8243; gutter_size=&#8220;3&#8243; column_width_percent=&#8220;100&#8243; shift_y=&#8220;0&#8243; z_index=&#8220;0&#8243; uncode_shortcode_id=&#8220;192355&#8243;][vc_column width=&#8220;2\/12&#8243;][\/vc_column][vc_column column_width_percent=&#8220;100&#8243; align_horizontal=&#8220;align_center&#8220; gutter_size=&#8220;3&#8243; overlay_alpha=&#8220;50&#8243; shift_x=&#8220;0&#8243; shift_y=&#8220;0&#8243; shift_y_down=&#8220;0&#8243; z_index=&#8220;0&#8243; medium_width=&#8220;0&#8243; mobile_width=&#8220;0&#8243; width=&#8220;8\/12&#8243; uncode_shortcode_id=&#8220;111437&#8243;][vc_custom_heading text_size=&#8220;h1&#8243; text_weight=&#8220;100&#8243; uncode_shortcode_id=&#8220;108712&#8243;]ART-PROJEKT: KUNSTKURSE IN K\u00d6LN[\/vc_custom_heading][vc_column_text text_lead=&#8220;yes&#8220; uncode_shortcode_id=&#8220;112177&#8243;]<\/p>\n<p class=\"font_7\">Die Kurse von art-projekt sind f\u00fcr alle Interessierten geeignet. Sie k\u00f6nnen ohne Vorkenntnisse starten. Als k\u00fcnstlerischer Leiter kann ich Sie ermuntern, sich auf Ihre Art k\u00fcnstlerisch einzulassen. Dabei unterst\u00fctze ich Sie soviel wie notwendig und so wenig beeinflussend wie m\u00f6glich. Mein Ziel ist es, dass Sie in der Kunstwerkstatt \u201eart-projekt\u201c Ihr eigenes Artprojekt entwickeln k\u00f6nnen. Die Orte: K\u00f6ln-Wachsfabrik, Schlatt im Markgr\u00e4fler Land und das Schloss in Italien sind f\u00fcr Kunstkurse einzigartig sch\u00f6n, sie sind zauberhaft.<\/p>\n<p class=\"font_7\"><em>\u2013 Sebastian Probst<\/em><\/p>\n<p>[\/vc_column_text][\/vc_column][vc_column width=&#8220;2\/12&#8243;][\/vc_column][\/vc_row][vc_row row_height_percent=&#8220;35&#8243; override_padding=&#8220;yes&#8220; h_padding=&#8220;2&#8243; top_padding=&#8220;3&#8243; bottom_padding=&#8220;3&#8243; back_color=&#8220;color-lxmt&#8220; overlay_alpha=&#8220;50&#8243; gutter_size=&#8220;3&#8243; column_width_percent=&#8220;100&#8243; border_color=&#8220;transparent&#8220; shift_y=&#8220;0&#8243; z_index=&#8220;0&#8243; top_divider=&#8220;gradient&#8220; bottom_divider=&#8220;gradient&#8220; uncode_shortcode_id=&#8220;174346&#8243; border_color_type=&#8220;uncode-palette&#8220; back_color_type=&#8220;uncode-palette&#8220;][vc_column column_width_use_pixel=&#8220;yes&#8220; position_vertical=&#8220;middle&#8220; align_horizontal=&#8220;align_center&#8220; gutter_size=&#8220;3&#8243; overlay_alpha=&#8220;50&#8243; shift_x=&#8220;0&#8243; shift_y=&#8220;0&#8243; shift_y_down=&#8220;0&#8243; z_index=&#8220;0&#8243; medium_width=&#8220;0&#8243; mobile_width=&#8220;0&#8243; width=&#8220;1\/1&#8243; column_width_pixel=&#8220;900&#8243;][vc_custom_heading text_color=&#8220;accent&#8220; heading_semantic=&#8220;h6&#8243; text_size=&#8220;h6&#8243; text_transform=&#8220;uppercase&#8220; uncode_shortcode_id=&#8220;183694&#8243; text_color_type=&#8220;uncode-palette&#8220;]27. 03. &#8211; 05.04.2024[\/vc_custom_heading][vc_custom_heading heading_semantic=&#8220;h1&#8243; text_font=&#8220;font-555555&#8243; text_weight=&#8220;400&#8243; uncode_shortcode_id=&#8220;785888&#8243;]Jetzt anmelden zur Osterakademie 2024[\/vc_custom_heading][vc_button button_color=&#8220;accent&#8220; size=&#8220;btn-sm&#8220; border_width=&#8220;0&#8243; link=&#8220;url:https%3A%2F%2Fartprojekt.vertikahl.dev%2F%3Fpage_id%3D51|title:Akademiewochen&#8220; button_color_type=&#8220;uncode-palette&#8220; uncode_shortcode_id=&#8220;117218&#8243;]zur Anmeldung[\/vc_button][\/vc_column][\/vc_row][vc_row row_height_percent=&#8220;0&#8243; override_padding=&#8220;yes&#8220; h_padding=&#8220;2&#8243; top_padding=&#8220;4&#8243; bottom_padding=&#8220;2&#8243; overlay_alpha=&#8220;50&#8243; gutter_size=&#8220;3&#8243; column_width_percent=&#8220;100&#8243; shift_y=&#8220;0&#8243; z_index=&#8220;0&#8243; uncode_shortcode_id=&#8220;892471&#8243;][vc_column width=&#8220;2\/12&#8243;][\/vc_column][vc_column column_width_percent=&#8220;100&#8243; align_horizontal=&#8220;align_center&#8220; gutter_size=&#8220;3&#8243; overlay_alpha=&#8220;50&#8243; shift_x=&#8220;0&#8243; shift_y=&#8220;0&#8243; shift_y_down=&#8220;0&#8243; z_index=&#8220;0&#8243; medium_width=&#8220;0&#8243; mobile_width=&#8220;0&#8243; width=&#8220;8\/12&#8243; uncode_shortcode_id=&#8220;111437&#8243;][vc_custom_heading text_size=&#8220;h1&#8243; text_weight=&#8220;100&#8243; uncode_shortcode_id=&#8220;696161&#8243;]Unser Angebot[\/vc_custom_heading][\/vc_column][vc_column width=&#8220;2\/12&#8243;][\/vc_column][\/vc_row][vc_row unlock_row_content=&#8220;yes&#8220; row_height_percent=&#8220;0&#8243; overlay_alpha=&#8220;50&#8243; equal_height=&#8220;yes&#8220; gutter_size=&#8220;2&#8243; column_width_percent=&#8220;100&#8243; shift_y=&#8220;0&#8243; z_index=&#8220;0&#8243; uncode_shortcode_id=&#8220;138852&#8243; row_height_pixel=&#8220;250px&#8220;][vc_column column_width_percent=&#8220;100&#8243; gutter_size=&#8220;3&#8243; expand_height=&#8220;yes&#8220; overlay_alpha=&#8220;50&#8243; shift_x=&#8220;0&#8243; shift_y=&#8220;0&#8243; shift_y_down=&#8220;0&#8243; z_index=&#8220;0&#8243; medium_width=&#8220;0&#8243; mobile_width=&#8220;0&#8243; width=&#8220;1\/4&#8243; uncode_shortcode_id=&#8220;427708&#8243;][vc_single_image media=&#8220;75&#8243; media_width_percent=&#8220;100&#8243; media_ratio=&#8220;three-two&#8220; alignment=&#8220;center&#8220; uncode_shortcode_id=&#8220;486718&#8243;][vc_separator sep_color=&#8220;&#8220; uncode_shortcode_id=&#8220;383173&#8243; el_width=&#8220;140px&#8220; el_class=&#8220;separator-startseite&#8220;][vc_custom_heading text_size=&#8220;h4&#8243; text_weight=&#8220;300&#8243; uncode_shortcode_id=&#8220;160583&#8243; el_class=&#8220;subhead-angebot-startseite&#8220;]Bildhauerei[\/vc_custom_heading][\/vc_column][vc_column column_width_percent=&#8220;100&#8243; gutter_size=&#8220;3&#8243; overlay_alpha=&#8220;50&#8243; shift_x=&#8220;0&#8243; shift_y=&#8220;0&#8243; shift_y_down=&#8220;0&#8243; z_index=&#8220;0&#8243; medium_width=&#8220;0&#8243; mobile_width=&#8220;0&#8243; width=&#8220;1\/4&#8243; uncode_shortcode_id=&#8220;109397&#8243;][vc_single_image media=&#8220;76&#8243; media_width_percent=&#8220;100&#8243; media_ratio=&#8220;three-two&#8220; alignment=&#8220;center&#8220; uncode_shortcode_id=&#8220;206107&#8243;][vc_separator sep_color=&#8220;&#8220; uncode_shortcode_id=&#8220;850444&#8243; el_width=&#8220;140px&#8220; el_class=&#8220;separator-startseite&#8220;][vc_custom_heading text_size=&#8220;h4&#8243; text_weight=&#8220;300&#8243; uncode_shortcode_id=&#8220;105535&#8243; el_class=&#8220;subhead-angebot-startseite&#8220;]Malerei[\/vc_custom_heading][\/vc_column][vc_column column_width_percent=&#8220;100&#8243; gutter_size=&#8220;3&#8243; overlay_alpha=&#8220;50&#8243; shift_x=&#8220;0&#8243; shift_y=&#8220;0&#8243; shift_y_down=&#8220;0&#8243; z_index=&#8220;0&#8243; medium_width=&#8220;0&#8243; mobile_width=&#8220;0&#8243; width=&#8220;1\/4&#8243; uncode_shortcode_id=&#8220;201309&#8243;][vc_single_image media=&#8220;77&#8243; media_width_percent=&#8220;100&#8243; media_ratio=&#8220;three-two&#8220; alignment=&#8220;center&#8220; uncode_shortcode_id=&#8220;142293&#8243;][vc_separator sep_color=&#8220;&#8220; uncode_shortcode_id=&#8220;182417&#8243; el_width=&#8220;140px&#8220; el_class=&#8220;separator-startseite&#8220;][vc_custom_heading text_size=&#8220;h4&#8243; text_weight=&#8220;300&#8243; uncode_shortcode_id=&#8220;976784&#8243; el_class=&#8220;subhead-angebot-startseite&#8220;]Bronzeguss[\/vc_custom_heading][\/vc_column][vc_column column_width_percent=&#8220;100&#8243; gutter_size=&#8220;3&#8243; overlay_alpha=&#8220;50&#8243; shift_x=&#8220;0&#8243; shift_y=&#8220;0&#8243; shift_y_down=&#8220;0&#8243; z_index=&#8220;0&#8243; medium_width=&#8220;0&#8243; mobile_width=&#8220;0&#8243; width=&#8220;1\/4&#8243; uncode_shortcode_id=&#8220;192233&#8243;][vc_single_image media=&#8220;78&#8243; media_width_percent=&#8220;100&#8243; media_ratio=&#8220;three-two&#8220; alignment=&#8220;center&#8220; uncode_shortcode_id=&#8220;465828&#8243;][vc_separator sep_color=&#8220;&#8220; uncode_shortcode_id=&#8220;861876&#8243; el_width=&#8220;140px&#8220; el_class=&#8220;separator-startseite&#8220;][vc_custom_heading text_size=&#8220;h4&#8243; text_weight=&#8220;300&#8243; uncode_shortcode_id=&#8220;596868&#8243; el_class=&#8220;subhead-angebot-startseite&#8220;]Akademie[\/vc_custom_heading][\/vc_column][\/vc_row]<\/p>\n<\/section>","protected":false},"excerpt":{"rendered":"<p>[vc_row row_height_percent=&#8220;0&#8243; override_padding=&#8220;yes&#8220; h_padding=&#8220;2&#8243; top_padding=&#8220;4&#8243; bottom_padding=&#8220;4&#8243; overlay_alpha=&#8220;50&#8243; gutter_size=&#8220;3&#8243; column_width_percent=&#8220;100&#8243; shift_y=&#8220;0&#8243; z_index=&#8220;0&#8243; uncode_shortcode_id=&#8220;192355&#8243;][vc_column width=&#8220;2\/12&#8243;][\/vc_column][vc_column column_width_percent=&#8220;100&#8243; align_horizontal=&#8220;align_center&#8220; gutter_size=&#8220;3&#8243; overlay_alpha=&#8220;50&#8243; shift_x=&#8220;0&#8243; shift_y=&#8220;0&#8243; shift_y_down=&#8220;0&#8243; [&hellip;]<\/p>\n","protected":false},"author":1,"featured_media":0,"parent":0,"menu_order":0,"comment_status":"closed","ping_status":"closed","template":"","meta":{"footnotes":""},"class_list":["post-20","page","type-page","status-publish","hentry"],"_links":{"self":[{"href":"https:\/\/artprojekt.vertikahl.dev\/index.php?rest_route=\/wp\/v2\/pages\/20","targetHints":{"allow":["GET"]}}],"collection":[{"href":"https:\/\/artprojekt.vertikahl.dev\/index.php?rest_route=\/wp\/v2\/pages"}],"about":[{"href":"https:\/\/artprojekt.vertikahl.dev\/index.php?rest_route=\/wp\/v2\/types\/page"}],"author":[{"embeddable":true,"href":"https:\/\/artprojekt.vertikahl.dev\/index.php?rest_route=\/wp\/v2\/users\/1"}],"replies":[{"embeddable":true,"href":"https:\/\/artprojekt.vertikahl.dev\/index.php?rest_route=%2Fwp%2Fv2%2Fcomments&post=20"}],"version-history":[{"count":52,"href":"https:\/\/artprojekt.vertikahl.dev\/index.php?rest_route=\/wp\/v2\/pages\/20\/revisions"}],"predecessor-version":[{"id":205,"href":"https:\/\/artprojekt.vertikahl.dev\/index.php?rest_route=\/wp\/v2\/pages\/20\/revisions\/205"}],"wp:attachment":[{"href":"https:\/\/artprojekt.vertikahl.dev\/index.php?rest_route=%2Fwp%2Fv2%2Fmedia&parent=20"}],"curies":[{"name":"wp","href":"https:\/\/api.w.org\/{rel}","templated":true}]}}