{"id":27,"date":"2023-11-06T14:14:48","date_gmt":"2023-11-06T14:14:48","guid":{"rendered":"https:\/\/artprojekt.vertikahl.dev\/?page_id=27"},"modified":"2024-02-28T08:11:11","modified_gmt":"2024-02-28T08:11:11","slug":"kurse","status":"publish","type":"page","link":"https:\/\/artprojekt.vertikahl.dev\/?page_id=27","title":{"rendered":"Kurse"},"content":{"rendered":"<section class=\"wpb-content-wrapper\"><p>[vc_row row_height_percent=&#8220;0&#8243; override_padding=&#8220;yes&#8220; h_padding=&#8220;2&#8243; top_padding=&#8220;4&#8243; bottom_padding=&#8220;3&#8243; back_color=&#8220;color-xsdn&#8220; overlay_alpha=&#8220;50&#8243; gutter_size=&#8220;4&#8243; column_width_percent=&#8220;100&#8243; shift_y=&#8220;0&#8243; z_index=&#8220;0&#8243; uncode_shortcode_id=&#8220;116709&#8243; back_color_type=&#8220;uncode-palette&#8220;][vc_column column_width_percent=&#8220;100&#8243; gutter_size=&#8220;3&#8243; overlay_alpha=&#8220;50&#8243; shift_x=&#8220;0&#8243; shift_y=&#8220;0&#8243; shift_y_down=&#8220;0&#8243; z_index=&#8220;0&#8243; medium_width=&#8220;4&#8243; mobile_width=&#8220;0&#8243; width=&#8220;1\/2&#8243; el_class=&#8220;inverted-device-order&#8220;][vc_single_image media=&#8220;215&#8243; media_width_percent=&#8220;100&#8243; media_ratio=&#8220;one-one&#8220; alignment=&#8220;right&#8220; uncode_shortcode_id=&#8220;987788&#8243;][\/vc_column][vc_column column_width_percent=&#8220;100&#8243; position_horizontal=&#8220;left&#8220; position_vertical=&#8220;middle&#8220; gutter_size=&#8220;3&#8243; style=&#8220;light&#8220; overlay_alpha=&#8220;50&#8243; shift_x=&#8220;0&#8243; shift_y=&#8220;0&#8243; shift_y_down=&#8220;0&#8243; z_index=&#8220;0&#8243; medium_width=&#8220;4&#8243; mobile_width=&#8220;0&#8243; width=&#8220;1\/2&#8243; uncode_shortcode_id=&#8220;213847&#8243;][vc_custom_heading text_color=&#8220;accent&#8220; heading_semantic=&#8220;h6&#8243; text_size=&#8220;h6&#8243; text_transform=&#8220;uppercase&#8220; uncode_shortcode_id=&#8220;156300&#8243; text_color_type=&#8220;uncode-palette&#8220;]Kurse in K\u00f6ln[\/vc_custom_heading][vc_custom_heading heading_semantic=&#8220;h3&#8243; text_size=&#8220;h1&#8243; subheading=&#8220;Tauchen Sie ein in unsere w\u00f6chentlichen Kurse, perfekt f\u00fcr alle, die jede Woche drei Stunden ihrer Zeit einem bildnerischen Projekt widmen m\u00f6chten.&#8220; uncode_shortcode_id=&#8220;101127&#8243;]W\u00f6chentliche Kurse[\/vc_custom_heading][vc_separator sep_color=&#8220;,Default&#8220;][vc_button button_color=&#8220;accent&#8220; size=&#8220;link&#8220; btn_link_size=&#8220;h3&#8243; btn_link_underline=&#8220;btn-underline-in&#8220; custom_typo=&#8220;yes&#8220; font_family=&#8220;font-555555&#8243; font_weight=&#8220;100&#8243; link=&#8220;url:https%3A%2F%2Fartprojekt.vertikahl.dev%2F%3Fpage_id%3D47|title:W%C3%B6chentliche%20Kurse&#8220; button_color_type=&#8220;uncode-palette&#8220; uncode_shortcode_id=&#8220;799051&#8243; icon=&#8220;fa fa-arrow-right2&#8243;]Zur \u00dcbersicht[\/vc_button][\/vc_column][\/vc_row][vc_row row_height_percent=&#8220;0&#8243; override_padding=&#8220;yes&#8220; h_padding=&#8220;2&#8243; top_padding=&#8220;4&#8243; bottom_padding=&#8220;3&#8243; back_color=&#8220;color-xsdn&#8220; overlay_alpha=&#8220;50&#8243; gutter_size=&#8220;4&#8243; column_width_percent=&#8220;100&#8243; shift_y=&#8220;0&#8243; z_index=&#8220;0&#8243; uncode_shortcode_id=&#8220;208981&#8243; back_color_type=&#8220;uncode-palette&#8220;][vc_column column_width_percent=&#8220;100&#8243; position_horizontal=&#8220;left&#8220; position_vertical=&#8220;middle&#8220; gutter_size=&#8220;3&#8243; style=&#8220;light&#8220; overlay_alpha=&#8220;50&#8243; shift_x=&#8220;0&#8243; shift_y=&#8220;0&#8243; shift_y_down=&#8220;0&#8243; z_index=&#8220;0&#8243; medium_width=&#8220;4&#8243; mobile_width=&#8220;0&#8243; width=&#8220;1\/2&#8243; uncode_shortcode_id=&#8220;213847&#8243;][vc_custom_heading text_color=&#8220;accent&#8220; heading_semantic=&#8220;h6&#8243; text_size=&#8220;h6&#8243; text_transform=&#8220;uppercase&#8220; uncode_shortcode_id=&#8220;422673&#8243; text_color_type=&#8220;uncode-palette&#8220;]Schnupper-, Themenkurse und Bronzeguss[\/vc_custom_heading][vc_custom_heading heading_semantic=&#8220;h3&#8243; text_size=&#8220;h1&#8243; subheading=&#8220;Ein ganzer Tag, um die zeitlose Kunst der Steinbildhauerei kennenzulernen und die Vielfalt m\u00f6glicher Formen zu entdecken.<br \/>\n&#8220; uncode_shortcode_id=&#8220;139198&#8243;]Kompakttage[\/vc_custom_heading][vc_separator sep_color=&#8220;,Default&#8220;][vc_button button_color=&#8220;accent&#8220; size=&#8220;link&#8220; btn_link_size=&#8220;h3&#8243; btn_link_underline=&#8220;btn-underline-in&#8220; custom_typo=&#8220;yes&#8220; font_family=&#8220;font-555555&#8243; font_weight=&#8220;100&#8243; link=&#8220;url:https%3A%2F%2Fartprojekt.vertikahl.dev%2F%3Fpage_id%3D49|title:Kompakttage&#8220; button_color_type=&#8220;uncode-palette&#8220; uncode_shortcode_id=&#8220;100421&#8243; icon=&#8220;fa fa-arrow-right2&#8243;]Zur \u00dcbersicht[\/vc_button][\/vc_column][vc_column column_width_percent=&#8220;100&#8243; gutter_size=&#8220;3&#8243; overlay_alpha=&#8220;50&#8243; shift_x=&#8220;0&#8243; shift_y=&#8220;0&#8243; shift_y_down=&#8220;0&#8243; z_index=&#8220;0&#8243; medium_width=&#8220;4&#8243; mobile_width=&#8220;0&#8243; width=&#8220;1\/2&#8243; el_class=&#8220;inverted-device-order&#8220;][vc_single_image media=&#8220;77&#8243; media_width_percent=&#8220;100&#8243; media_ratio=&#8220;one-one&#8220; alignment=&#8220;right&#8220; uncode_shortcode_id=&#8220;139536&#8243;][\/vc_column][\/vc_row][vc_row row_height_percent=&#8220;0&#8243; override_padding=&#8220;yes&#8220; h_padding=&#8220;2&#8243; top_padding=&#8220;4&#8243; bottom_padding=&#8220;3&#8243; back_color=&#8220;color-xsdn&#8220; overlay_alpha=&#8220;50&#8243; gutter_size=&#8220;4&#8243; column_width_percent=&#8220;100&#8243; shift_y=&#8220;0&#8243; z_index=&#8220;0&#8243; uncode_shortcode_id=&#8220;202118&#8243; back_color_type=&#8220;uncode-palette&#8220;][vc_column column_width_percent=&#8220;100&#8243; gutter_size=&#8220;3&#8243; overlay_alpha=&#8220;50&#8243; shift_x=&#8220;0&#8243; shift_y=&#8220;0&#8243; shift_y_down=&#8220;0&#8243; z_index=&#8220;0&#8243; medium_width=&#8220;4&#8243; mobile_width=&#8220;0&#8243; width=&#8220;1\/2&#8243; el_class=&#8220;inverted-device-order&#8220;][vc_single_image media=&#8220;219&#8243; media_width_percent=&#8220;100&#8243; media_ratio=&#8220;one-one&#8220; alignment=&#8220;right&#8220; uncode_shortcode_id=&#8220;120584&#8243;][\/vc_column][vc_column column_width_percent=&#8220;100&#8243; position_horizontal=&#8220;left&#8220; position_vertical=&#8220;middle&#8220; gutter_size=&#8220;3&#8243; style=&#8220;light&#8220; overlay_alpha=&#8220;50&#8243; shift_x=&#8220;0&#8243; shift_y=&#8220;0&#8243; shift_y_down=&#8220;0&#8243; z_index=&#8220;0&#8243; medium_width=&#8220;4&#8243; mobile_width=&#8220;0&#8243; width=&#8220;1\/2&#8243; uncode_shortcode_id=&#8220;213847&#8243;][vc_custom_heading text_color=&#8220;accent&#8220; heading_semantic=&#8220;h6&#8243; text_size=&#8220;h6&#8243; text_transform=&#8220;uppercase&#8220; uncode_shortcode_id=&#8220;145251&#8243; text_color_type=&#8220;uncode-palette&#8220;]K\u00f6ln, Italien &amp; Markgr\u00e4flerland[\/vc_custom_heading][vc_custom_heading heading_semantic=&#8220;h3&#8243; text_size=&#8220;h1&#8243; subheading=&#8220;Hier kommt eine kurze Beschreibung \u00fcber die Akademie hin.&#8220; uncode_shortcode_id=&#8220;163406&#8243;]Akademiewochen[\/vc_custom_heading][vc_separator sep_color=&#8220;,Default&#8220;][vc_button button_color=&#8220;accent&#8220; size=&#8220;link&#8220; btn_link_size=&#8220;h3&#8243; btn_link_underline=&#8220;btn-underline-in&#8220; custom_typo=&#8220;yes&#8220; font_family=&#8220;font-555555&#8243; font_weight=&#8220;100&#8243; link=&#8220;url:https%3A%2F%2Fartprojekt.vertikahl.dev%2F%3Fpage_id%3D29|title:Akademie&#8220; button_color_type=&#8220;uncode-palette&#8220; uncode_shortcode_id=&#8220;103987&#8243; icon=&#8220;fa fa-arrow-right2&#8243;]Zur \u00dcbersicht[\/vc_button][\/vc_column][\/vc_row]<\/p>\n<\/section>","protected":false},"excerpt":{"rendered":"<p>Dies ist eine Kurzbeschreibung des Inhalts dieser Seite.<\/p>\n","protected":false},"author":1,"featured_media":107,"parent":0,"menu_order":0,"comment_status":"closed","ping_status":"closed","template":"","meta":{"footnotes":""},"class_list":["post-27","page","type-page","status-publish","has-post-thumbnail","hentry"],"_links":{"self":[{"href":"https:\/\/artprojekt.vertikahl.dev\/index.php?rest_route=\/wp\/v2\/pages\/27","targetHints":{"allow":["GET"]}}],"collection":[{"href":"https:\/\/artprojekt.vertikahl.dev\/index.php?rest_route=\/wp\/v2\/pages"}],"about":[{"href":"https:\/\/artprojekt.vertikahl.dev\/index.php?rest_route=\/wp\/v2\/types\/page"}],"author":[{"embeddable":true,"href":"https:\/\/artprojekt.vertikahl.dev\/index.php?rest_route=\/wp\/v2\/users\/1"}],"replies":[{"embeddable":true,"href":"https:\/\/artprojekt.vertikahl.dev\/index.php?rest_route=%2Fwp%2Fv2%2Fcomments&post=27"}],"version-history":[{"count":22,"href":"https:\/\/artprojekt.vertikahl.dev\/index.php?rest_route=\/wp\/v2\/pages\/27\/revisions"}],"predecessor-version":[{"id":130664,"href":"https:\/\/artprojekt.vertikahl.dev\/index.php?rest_route=\/wp\/v2\/pages\/27\/revisions\/130664"}],"wp:featuredmedia":[{"embeddable":true,"href":"https:\/\/artprojekt.vertikahl.dev\/index.php?rest_route=\/wp\/v2\/media\/107"}],"wp:attachment":[{"href":"https:\/\/artprojekt.vertikahl.dev\/index.php?rest_route=%2Fwp%2Fv2%2Fmedia&parent=27"}],"curies":[{"name":"wp","href":"https:\/\/api.w.org\/{rel}","templated":true}]}}