{"id":29,"date":"2023-11-06T14:14:58","date_gmt":"2023-11-06T14:14:58","guid":{"rendered":"https:\/\/artprojekt.vertikahl.dev\/?page_id=29"},"modified":"2024-02-28T08:51:50","modified_gmt":"2024-02-28T08:51:50","slug":"akademie","status":"publish","type":"page","link":"https:\/\/artprojekt.vertikahl.dev\/?page_id=29","title":{"rendered":"Akademie"},"content":{"rendered":"<section class=\"wpb-content-wrapper\"><p>[vc_row row_height_percent=&#8220;0&#8243; override_padding=&#8220;yes&#8220; h_padding=&#8220;2&#8243; top_padding=&#8220;4&#8243; bottom_padding=&#8220;3&#8243; back_color=&#8220;color-xsdn&#8220; overlay_alpha=&#8220;50&#8243; gutter_size=&#8220;4&#8243; column_width_percent=&#8220;100&#8243; shift_y=&#8220;0&#8243; z_index=&#8220;0&#8243; uncode_shortcode_id=&#8220;123135&#8243; back_color_type=&#8220;uncode-palette&#8220;][vc_column column_width_percent=&#8220;100&#8243; gutter_size=&#8220;3&#8243; overlay_alpha=&#8220;50&#8243; shift_x=&#8220;0&#8243; shift_y=&#8220;0&#8243; shift_y_down=&#8220;0&#8243; z_index=&#8220;0&#8243; medium_width=&#8220;4&#8243; mobile_width=&#8220;0&#8243; width=&#8220;1\/2&#8243; el_class=&#8220;inverted-device-order&#8220;][vc_single_image media=&#8220;223&#8243; media_width_percent=&#8220;100&#8243; media_ratio=&#8220;one-one&#8220; alignment=&#8220;right&#8220; uncode_shortcode_id=&#8220;733297&#8243;][\/vc_column][vc_column column_width_percent=&#8220;100&#8243; position_horizontal=&#8220;left&#8220; position_vertical=&#8220;middle&#8220; gutter_size=&#8220;3&#8243; style=&#8220;light&#8220; overlay_alpha=&#8220;50&#8243; shift_x=&#8220;0&#8243; shift_y=&#8220;0&#8243; shift_y_down=&#8220;0&#8243; z_index=&#8220;0&#8243; medium_width=&#8220;4&#8243; mobile_width=&#8220;0&#8243; width=&#8220;1\/2&#8243; uncode_shortcode_id=&#8220;213847&#8243;][vc_custom_heading text_color=&#8220;accent&#8220; heading_semantic=&#8220;h6&#8243; text_size=&#8220;h6&#8243; text_transform=&#8220;uppercase&#8220; uncode_shortcode_id=&#8220;192872&#8243; text_color_type=&#8220;uncode-palette&#8220;]Bildhauerei, Malerei, Fotografie[\/vc_custom_heading][vc_custom_heading heading_semantic=&#8220;h3&#8243; text_size=&#8220;h1&#8243; subheading=&#8220;Die Kunstakademie von art-projekt in San Sebastiano besteht seit 25 Jahren und ist inzwischen europaweit bekannt f\u00fcr die Mischung aus professioneller Beratung und genussvollem Begleitprogramm.&#8220; uncode_shortcode_id=&#8220;231875&#8243;]Italien[\/vc_custom_heading][vc_separator sep_color=&#8220;,Default&#8220;][vc_button button_color=&#8220;accent&#8220; size=&#8220;link&#8220; btn_link_size=&#8220;h3&#8243; btn_link_underline=&#8220;btn-underline-in&#8220; custom_typo=&#8220;yes&#8220; font_family=&#8220;font-555555&#8243; font_weight=&#8220;100&#8243; link=&#8220;url:https%3A%2F%2Fartprojekt.vertikahl.dev%2F%3Fpage_id%3D41|title:Italien&#8220; button_color_type=&#8220;uncode-palette&#8220; uncode_shortcode_id=&#8220;888677&#8243; icon=&#8220;fa fa-arrow-right2&#8243;]Zur \u00dcbersicht[\/vc_button][\/vc_column][\/vc_row][vc_row row_height_percent=&#8220;0&#8243; override_padding=&#8220;yes&#8220; h_padding=&#8220;2&#8243; top_padding=&#8220;4&#8243; bottom_padding=&#8220;3&#8243; back_color=&#8220;color-xsdn&#8220; overlay_alpha=&#8220;50&#8243; gutter_size=&#8220;4&#8243; column_width_percent=&#8220;100&#8243; shift_y=&#8220;0&#8243; z_index=&#8220;0&#8243; uncode_shortcode_id=&#8220;383915&#8243; back_color_type=&#8220;uncode-palette&#8220;][vc_column column_width_percent=&#8220;100&#8243; position_horizontal=&#8220;left&#8220; position_vertical=&#8220;middle&#8220; gutter_size=&#8220;3&#8243; style=&#8220;light&#8220; overlay_alpha=&#8220;50&#8243; shift_x=&#8220;0&#8243; shift_y=&#8220;0&#8243; shift_y_down=&#8220;0&#8243; z_index=&#8220;0&#8243; medium_width=&#8220;4&#8243; mobile_width=&#8220;0&#8243; width=&#8220;1\/2&#8243; uncode_shortcode_id=&#8220;213847&#8243;][vc_custom_heading text_color=&#8220;accent&#8220; heading_semantic=&#8220;h6&#8243; text_size=&#8220;h6&#8243; text_transform=&#8220;uppercase&#8220; uncode_shortcode_id=&#8220;191950&#8243; text_color_type=&#8220;uncode-palette&#8220;]Oster- und Sommerakademie[\/vc_custom_heading][vc_custom_heading heading_semantic=&#8220;h3&#8243; text_size=&#8220;h1&#8243; subheading=&#8220;Platz f\u00fcr eine kurze Beschreibung des Akademie Angebots in K\u00f6ln.&#8220; uncode_shortcode_id=&#8220;159421&#8243;]K\u00f6ln[\/vc_custom_heading][vc_separator sep_color=&#8220;,Default&#8220;][vc_button button_color=&#8220;accent&#8220; size=&#8220;link&#8220; btn_link_size=&#8220;h3&#8243; btn_link_underline=&#8220;btn-underline-in&#8220; custom_typo=&#8220;yes&#8220; font_family=&#8220;font-555555&#8243; font_weight=&#8220;100&#8243; link=&#8220;url:https%3A%2F%2Fartprojekt.vertikahl.dev%2F%3Fpage_id%3D43|title:K%C3%B6ln&#8220; button_color_type=&#8220;uncode-palette&#8220; uncode_shortcode_id=&#8220;140034&#8243; icon=&#8220;fa fa-arrow-right2&#8243;]Zur \u00dcbersicht[\/vc_button][\/vc_column][vc_column column_width_percent=&#8220;100&#8243; gutter_size=&#8220;3&#8243; overlay_alpha=&#8220;50&#8243; shift_x=&#8220;0&#8243; shift_y=&#8220;0&#8243; shift_y_down=&#8220;0&#8243; z_index=&#8220;0&#8243; medium_width=&#8220;4&#8243; mobile_width=&#8220;0&#8243; width=&#8220;1\/2&#8243; el_class=&#8220;inverted-device-order&#8220;][vc_single_image media=&#8220;215&#8243; media_width_percent=&#8220;100&#8243; media_ratio=&#8220;one-one&#8220; alignment=&#8220;right&#8220; uncode_shortcode_id=&#8220;205527&#8243;][\/vc_column][\/vc_row][vc_row row_height_percent=&#8220;0&#8243; override_padding=&#8220;yes&#8220; h_padding=&#8220;2&#8243; top_padding=&#8220;4&#8243; bottom_padding=&#8220;3&#8243; back_color=&#8220;color-xsdn&#8220; overlay_alpha=&#8220;50&#8243; gutter_size=&#8220;4&#8243; column_width_percent=&#8220;100&#8243; shift_y=&#8220;0&#8243; z_index=&#8220;0&#8243; uncode_shortcode_id=&#8220;605961&#8243; back_color_type=&#8220;uncode-palette&#8220;][vc_column column_width_percent=&#8220;100&#8243; gutter_size=&#8220;3&#8243; overlay_alpha=&#8220;50&#8243; shift_x=&#8220;0&#8243; shift_y=&#8220;0&#8243; shift_y_down=&#8220;0&#8243; z_index=&#8220;0&#8243; medium_width=&#8220;4&#8243; mobile_width=&#8220;0&#8243; width=&#8220;1\/2&#8243; el_class=&#8220;inverted-device-order&#8220;][vc_single_image media=&#8220;361&#8243; media_width_percent=&#8220;100&#8243; media_ratio=&#8220;one-one&#8220; alignment=&#8220;right&#8220; uncode_shortcode_id=&#8220;180563&#8243;][\/vc_column][vc_column column_width_percent=&#8220;100&#8243; position_horizontal=&#8220;left&#8220; position_vertical=&#8220;middle&#8220; gutter_size=&#8220;3&#8243; style=&#8220;light&#8220; overlay_alpha=&#8220;50&#8243; shift_x=&#8220;0&#8243; shift_y=&#8220;0&#8243; shift_y_down=&#8220;0&#8243; z_index=&#8220;0&#8243; medium_width=&#8220;4&#8243; mobile_width=&#8220;0&#8243; width=&#8220;1\/2&#8243; uncode_shortcode_id=&#8220;213847&#8243;][vc_custom_heading text_color=&#8220;accent&#8220; heading_semantic=&#8220;h6&#8243; text_size=&#8220;h6&#8243; text_transform=&#8220;uppercase&#8220; uncode_shortcode_id=&#8220;137840&#8243; text_color_type=&#8220;uncode-palette&#8220;]Bildhauerei[\/vc_custom_heading][vc_custom_heading heading_semantic=&#8220;h3&#8243; text_size=&#8220;h1&#8243; subheading=&#8220;Platz f\u00fcr eine kurze Beschreibung des Akademie Angebots im Markgr\u00e4flerland.&#8220; uncode_shortcode_id=&#8220;159668&#8243;]Markgr\u00e4flerland[\/vc_custom_heading][vc_separator sep_color=&#8220;,Default&#8220;][vc_button button_color=&#8220;accent&#8220; size=&#8220;link&#8220; btn_link_size=&#8220;h3&#8243; btn_link_underline=&#8220;btn-underline-in&#8220; custom_typo=&#8220;yes&#8220; font_family=&#8220;font-555555&#8243; font_weight=&#8220;100&#8243; link=&#8220;url:https%3A%2F%2Fartprojekt.vertikahl.dev%2F%3Fpage_id%3D45|title:Markgr%C3%A4flerland&#8220; button_color_type=&#8220;uncode-palette&#8220; uncode_shortcode_id=&#8220;849871&#8243; icon=&#8220;fa fa-arrow-right2&#8243;]Zur \u00dcbersicht[\/vc_button][\/vc_column][\/vc_row]<\/p>\n<\/section>","protected":false},"excerpt":{"rendered":"<p>Hier ist Platz f\u00fcr eine kurze Beschreibung des Akademie-Angebots.<\/p>\n","protected":false},"author":1,"featured_media":172,"parent":0,"menu_order":0,"comment_status":"closed","ping_status":"closed","template":"","meta":{"footnotes":""},"class_list":["post-29","page","type-page","status-publish","has-post-thumbnail","hentry"],"_links":{"self":[{"href":"https:\/\/artprojekt.vertikahl.dev\/index.php?rest_route=\/wp\/v2\/pages\/29","targetHints":{"allow":["GET"]}}],"collection":[{"href":"https:\/\/artprojekt.vertikahl.dev\/index.php?rest_route=\/wp\/v2\/pages"}],"about":[{"href":"https:\/\/artprojekt.vertikahl.dev\/index.php?rest_route=\/wp\/v2\/types\/page"}],"author":[{"embeddable":true,"href":"https:\/\/artprojekt.vertikahl.dev\/index.php?rest_route=\/wp\/v2\/users\/1"}],"replies":[{"embeddable":true,"href":"https:\/\/artprojekt.vertikahl.dev\/index.php?rest_route=%2Fwp%2Fv2%2Fcomments&post=29"}],"version-history":[{"count":14,"href":"https:\/\/artprojekt.vertikahl.dev\/index.php?rest_route=\/wp\/v2\/pages\/29\/revisions"}],"predecessor-version":[{"id":365,"href":"https:\/\/artprojekt.vertikahl.dev\/index.php?rest_route=\/wp\/v2\/pages\/29\/revisions\/365"}],"wp:featuredmedia":[{"embeddable":true,"href":"https:\/\/artprojekt.vertikahl.dev\/index.php?rest_route=\/wp\/v2\/media\/172"}],"wp:attachment":[{"href":"https:\/\/artprojekt.vertikahl.dev\/index.php?rest_route=%2Fwp%2Fv2%2Fmedia&parent=29"}],"curies":[{"name":"wp","href":"https:\/\/api.w.org\/{rel}","templated":true}]}}