{"id":31,"date":"2023-11-06T14:15:14","date_gmt":"2023-11-06T14:15:14","guid":{"rendered":"https:\/\/artprojekt.vertikahl.dev\/?page_id=31"},"modified":"2024-02-22T09:51:25","modified_gmt":"2024-02-22T09:51:25","slug":"ueber","status":"publish","type":"page","link":"https:\/\/artprojekt.vertikahl.dev\/?page_id=31","title":{"rendered":"\u00dcber"},"content":{"rendered":"<section class=\"wpb-content-wrapper\"><p>[vc_row row_height_percent=&#8220;0&#8243; override_padding=&#8220;yes&#8220; h_padding=&#8220;2&#8243; top_padding=&#8220;3&#8243; bottom_padding=&#8220;3&#8243; back_color=&#8220;color-lxmt&#8220; overlay_alpha=&#8220;50&#8243; equal_height=&#8220;yes&#8220; gutter_size=&#8220;4&#8243; column_width_percent=&#8220;100&#8243; shift_y=&#8220;0&#8243; z_index=&#8220;0&#8243; el_class=&#8220;inverted-device-order&#8220; uncode_shortcode_id=&#8220;239204&#8243; back_color_type=&#8220;uncode-palette&#8220;][vc_column width=&#8220;1\/2&#8243;][vc_single_image media=&#8220;215&#8243; media_width_percent=&#8220;100&#8243; media_ratio=&#8220;four-three&#8220; uncode_shortcode_id=&#8220;181505&#8243;][\/vc_column][vc_column column_width_percent=&#8220;100&#8243; position_vertical=&#8220;middle&#8220; gutter_size=&#8220;3&#8243; overlay_alpha=&#8220;50&#8243; shift_x=&#8220;0&#8243; shift_y=&#8220;0&#8243; shift_y_down=&#8220;0&#8243; z_index=&#8220;0&#8243; medium_width=&#8220;0&#8243; mobile_width=&#8220;0&#8243; width=&#8220;1\/2&#8243;][vc_custom_heading heading_semantic=&#8220;h3&#8243; uncode_shortcode_id=&#8220;774813&#8243;]Die Wachsfabrik in K\u00f6ln[\/vc_custom_heading][vc_column_text text_lead=&#8220;yes&#8220; uncode_shortcode_id=&#8220;197751&#8243;]Das Atelier der Bildhauerschule art-projekt finden Sie in einem Park s\u00fcdlich des Forstbotanischen Gartens. Ehemals eine Industrieanlage f\u00fcr Kerzenproduktion, ist es heute ein bunter Mix von K\u00fcnstlern, die sich in den Produktionshallen ihre Ateliers eingerichtet haben. Maler, Bildhauer, Metallbildhauer, Schmuckdesigner, T\u00e4nzer und Fotografen.[\/vc_column_text][vc_row_inner][vc_column_inner width=&#8220;1\/2&#8243;][vc_custom_heading heading_semantic=&#8220;h3&#8243; text_size=&#8220;h4&#8243; subheading=&#8220;An jedem 1. Sonntag im Monat \u00f6ffnen die K\u00fcnstler ihre Ateliers und laden dazu ein, die R\u00e4ume und Werke zu besichtigen.&#8220; uncode_shortcode_id=&#8220;143289&#8243;]Die Ateliers[\/vc_custom_heading][\/vc_column_inner][vc_column_inner width=&#8220;1\/2&#8243;][vc_custom_heading heading_semantic=&#8220;h3&#8243; text_size=&#8220;h4&#8243; subheading=&#8220;Das \u201eCaf\u00e9 in der Wachsfabrik\u201c \u00f6ffnet ab 14 Uhr.<br \/>\nSonn- und Feiertags geschlossen.&#8220; uncode_shortcode_id=&#8220;761975&#8243; text_color_type=&#8220;uncode-palette&#8220; text_color_solid=&#8220;#ff0000&#8243;]Das Caf\u00e9[\/vc_custom_heading][\/vc_column_inner][\/vc_row_inner][\/vc_column][\/vc_row][vc_row row_height_percent=&#8220;0&#8243; override_padding=&#8220;yes&#8220; h_padding=&#8220;2&#8243; top_padding=&#8220;3&#8243; bottom_padding=&#8220;3&#8243; back_color=&#8220;color-xsdn&#8220; overlay_alpha=&#8220;50&#8243; equal_height=&#8220;yes&#8220; gutter_size=&#8220;4&#8243; column_width_percent=&#8220;100&#8243; shift_y=&#8220;0&#8243; z_index=&#8220;0&#8243; el_class=&#8220;inverted-device-order&#8220; uncode_shortcode_id=&#8220;207266&#8243; back_color_type=&#8220;uncode-palette&#8220;][vc_column column_width_percent=&#8220;100&#8243; position_vertical=&#8220;middle&#8220; gutter_size=&#8220;3&#8243; overlay_alpha=&#8220;50&#8243; shift_x=&#8220;0&#8243; shift_y=&#8220;0&#8243; shift_y_down=&#8220;0&#8243; z_index=&#8220;0&#8243; medium_width=&#8220;0&#8243; mobile_width=&#8220;0&#8243; width=&#8220;1\/2&#8243;][vc_custom_heading heading_semantic=&#8220;h3&#8243; uncode_shortcode_id=&#8220;462532&#8243;]Das Atelier[\/vc_custom_heading][vc_column_text text_lead=&#8220;yes&#8220; uncode_shortcode_id=&#8220;171176&#8243;]Der Atelierraum hat eine Gr\u00f6\u00dfe von 200 qm, eine H\u00f6he von 7 m\u00a0und verstr\u00f6mt den Charme einer Industriehalle des 19. Jahrhunderts. Gro\u00dfe Industriefenster und Oberlichter nach Norden bringen viel nat\u00fcrliches Licht ins Innere.[\/vc_column_text][\/vc_column][vc_column width=&#8220;1\/2&#8243;][vc_single_image media=&#8220;177&#8243; media_width_percent=&#8220;100&#8243; media_ratio=&#8220;four-three&#8220; uncode_shortcode_id=&#8220;124363&#8243;][\/vc_column][\/vc_row][vc_row row_height_percent=&#8220;0&#8243; override_padding=&#8220;yes&#8220; h_padding=&#8220;2&#8243; top_padding=&#8220;3&#8243; bottom_padding=&#8220;3&#8243; back_color=&#8220;color-lxmt&#8220; overlay_alpha=&#8220;50&#8243; equal_height=&#8220;yes&#8220; gutter_size=&#8220;4&#8243; column_width_percent=&#8220;100&#8243; shift_y=&#8220;0&#8243; z_index=&#8220;0&#8243; el_class=&#8220;inverted-device-order&#8220; uncode_shortcode_id=&#8220;239204&#8243; back_color_type=&#8220;uncode-palette&#8220;][vc_column width=&#8220;1\/2&#8243;][vc_single_image media=&#8220;406&#8243; media_width_percent=&#8220;100&#8243; uncode_shortcode_id=&#8220;759274&#8243;][\/vc_column][vc_column column_width_percent=&#8220;100&#8243; position_vertical=&#8220;middle&#8220; gutter_size=&#8220;3&#8243; overlay_alpha=&#8220;50&#8243; shift_x=&#8220;0&#8243; shift_y=&#8220;0&#8243; shift_y_down=&#8220;0&#8243; z_index=&#8220;0&#8243; medium_width=&#8220;0&#8243; mobile_width=&#8220;0&#8243; width=&#8220;1\/2&#8243;][vc_custom_heading heading_semantic=&#8220;h3&#8243; uncode_shortcode_id=&#8220;167130&#8243;]DOZENT: Sebastian Probst[\/vc_custom_heading][vc_column_text text_lead=&#8220;yes&#8220; uncode_shortcode_id=&#8220;184152&#8243;]Sebastian Probst studierte an der <a href=\"http:\/\/www.kunstakademie-karlsruhe.de\/\" target=\"_blank\" rel=\"noopener noreferrer\">Staatlichen Kunstakademie in Karlsruhe<\/a> bei Prof. Baselitz, wechselte zu Prof. L\u00fcpertz, dessen Meistersch\u00fcler er von 1982 bis 1984 war.<\/p>\n<p>1984 Stipendiat der Kunststiftung Baden W\u00fcrttemberg und 1997 bis 2007 Dozent f\u00fcr Bildhauerei an der Akademie f\u00fcr Kunst und Design in Hennef.<\/p>\n<p>1997 gr\u00fcndete er seine Schule art-projekt f\u00fcr Bildhauerei und Malerei.<\/p>\n<p>Im Schloss von San Sebastiano, mit dessen Besitzer er befreundet ist, veranstaltet er zu Ostern und im Sommer seit 25 Jahren Kunstkurse in Malerei, Bildhauerei und Digitaler Fotografie.<\/p>\n<p>Er versteht sich als Vermittler von k\u00fcnstlerischen Strategien und als Architekt einer emphatischen Atelieratmosph\u00e4re. Er ist ein ausgewiesener Kenner der klassischen Bildhauerei und erfahrener Dozent der fig\u00fcrlichen Plastik und Anatomie.[\/vc_column_text][\/vc_column][\/vc_row]<\/p>\n<\/section>","protected":false},"excerpt":{"rendered":"<p>[vc_row row_height_percent=&#8220;0&#8243; override_padding=&#8220;yes&#8220; h_padding=&#8220;2&#8243; top_padding=&#8220;3&#8243; bottom_padding=&#8220;3&#8243; back_color=&#8220;color-lxmt&#8220; overlay_alpha=&#8220;50&#8243; equal_height=&#8220;yes&#8220; gutter_size=&#8220;4&#8243; column_width_percent=&#8220;100&#8243; shift_y=&#8220;0&#8243; z_index=&#8220;0&#8243; el_class=&#8220;inverted-device-order&#8220; uncode_shortcode_id=&#8220;239204&#8243; back_color_type=&#8220;uncode-palette&#8220;][vc_column width=&#8220;1\/2&#8243;][vc_single_image media=&#8220;215&#8243; media_width_percent=&#8220;100&#8243; media_ratio=&#8220;four-three&#8220; [&hellip;]<\/p>\n","protected":false},"author":1,"featured_media":231,"parent":0,"menu_order":0,"comment_status":"closed","ping_status":"closed","template":"","meta":{"footnotes":""},"class_list":["post-31","page","type-page","status-publish","has-post-thumbnail","hentry"],"_links":{"self":[{"href":"https:\/\/artprojekt.vertikahl.dev\/index.php?rest_route=\/wp\/v2\/pages\/31","targetHints":{"allow":["GET"]}}],"collection":[{"href":"https:\/\/artprojekt.vertikahl.dev\/index.php?rest_route=\/wp\/v2\/pages"}],"about":[{"href":"https:\/\/artprojekt.vertikahl.dev\/index.php?rest_route=\/wp\/v2\/types\/page"}],"author":[{"embeddable":true,"href":"https:\/\/artprojekt.vertikahl.dev\/index.php?rest_route=\/wp\/v2\/users\/1"}],"replies":[{"embeddable":true,"href":"https:\/\/artprojekt.vertikahl.dev\/index.php?rest_route=%2Fwp%2Fv2%2Fcomments&post=31"}],"version-history":[{"count":21,"href":"https:\/\/artprojekt.vertikahl.dev\/index.php?rest_route=\/wp\/v2\/pages\/31\/revisions"}],"predecessor-version":[{"id":410,"href":"https:\/\/artprojekt.vertikahl.dev\/index.php?rest_route=\/wp\/v2\/pages\/31\/revisions\/410"}],"wp:featuredmedia":[{"embeddable":true,"href":"https:\/\/artprojekt.vertikahl.dev\/index.php?rest_route=\/wp\/v2\/media\/231"}],"wp:attachment":[{"href":"https:\/\/artprojekt.vertikahl.dev\/index.php?rest_route=%2Fwp%2Fv2%2Fmedia&parent=31"}],"curies":[{"name":"wp","href":"https:\/\/api.w.org\/{rel}","templated":true}]}}