{"id":49,"date":"2023-11-06T14:18:07","date_gmt":"2023-11-06T14:18:07","guid":{"rendered":"https:\/\/artprojekt.vertikahl.dev\/?page_id=49"},"modified":"2023-12-14T15:07:28","modified_gmt":"2023-12-14T15:07:28","slug":"kompakttage","status":"publish","type":"page","link":"https:\/\/artprojekt.vertikahl.dev\/?page_id=49","title":{"rendered":"Kompakttage"},"content":{"rendered":"<section class=\"wpb-content-wrapper\"><p>[vc_row row_height_percent=&#8220;0&#8243; override_padding=&#8220;yes&#8220; h_padding=&#8220;2&#8243; top_padding=&#8220;2&#8243; bottom_padding=&#8220;2&#8243; overlay_alpha=&#8220;50&#8243; equal_height=&#8220;yes&#8220; gutter_size=&#8220;4&#8243; column_width_percent=&#8220;100&#8243; shift_y=&#8220;0&#8243; z_index=&#8220;0&#8243; uncode_shortcode_id=&#8220;190601&#8243;][vc_column column_width_use_pixel=&#8220;yes&#8220; position_vertical=&#8220;middle&#8220; align_horizontal=&#8220;align_center&#8220; gutter_size=&#8220;2&#8243; overlay_alpha=&#8220;50&#8243; shift_x=&#8220;0&#8243; shift_y=&#8220;0&#8243; shift_y_down=&#8220;0&#8243; z_index=&#8220;0&#8243; medium_width=&#8220;0&#8243; mobile_width=&#8220;0&#8243; width=&#8220;1\/1&#8243; column_width_pixel=&#8220;900&#8243;][vc_custom_heading heading_semantic=&#8220;h3&#8243; text_size=&#8220;fontsize-150170&#8243; uncode_shortcode_id=&#8220;178386&#8243;]Angebot[\/vc_custom_heading][vc_column_text text_lead=&#8220;yes&#8220; uncode_shortcode_id=&#8220;142758&#8243;]Diese Kurse richten sich an Anf\u00e4nger und Fortgeschrittene, die gerne [&#8230;][\/vc_column_text][\/vc_column][\/vc_row][vc_row row_height_percent=&#8220;0&#8243; override_padding=&#8220;yes&#8220; h_padding=&#8220;4&#8243; top_padding=&#8220;2&#8243; bottom_padding=&#8220;5&#8243; overlay_alpha=&#8220;50&#8243; equal_height=&#8220;yes&#8220; gutter_size=&#8220;3&#8243; column_width_percent=&#8220;100&#8243; shift_y=&#8220;0&#8243; z_index=&#8220;0&#8243; el_class=&#8220;inverted-device-order&#8220; uncode_shortcode_id=&#8220;773874&#8243;][vc_column column_width_percent=&#8220;100&#8243; position_vertical=&#8220;middle&#8220; align_horizontal=&#8220;align_center&#8220; gutter_size=&#8220;2&#8243; override_padding=&#8220;yes&#8220; column_padding=&#8220;3&#8243; back_color=&#8220;color-gyho&#8220; overlay_alpha=&#8220;50&#8243; shift_x=&#8220;0&#8243; shift_y=&#8220;0&#8243; shift_y_down=&#8220;0&#8243; z_index=&#8220;0&#8243; medium_width=&#8220;0&#8243; mobile_width=&#8220;0&#8243; radius=&#8220;sm&#8220; width=&#8220;1\/2&#8243;][vc_custom_heading heading_semantic=&#8220;h3&#8243; sub_reduced=&#8220;yes&#8220; subheading=&#8220;Sie erhalten eine Einf\u00fchrung in Werkzeug- und Werkstoffkunde und schaffen eine kleine Steinskulptur aus weichem Sandstein, ideal auch als Geschenkgutschein.&#8220; uncode_shortcode_id=&#8220;176295&#8243;]Bildhauerei[\/vc_custom_heading][vc_button button_color=&#8220;accent&#8220; border_width=&#8220;0&#8243; link=&#8220;url:%23bildhauereikompakt&#8220; button_color_type=&#8220;uncode-palette&#8220; uncode_shortcode_id=&#8220;192255&#8243;]zu den Kompaktkursen[\/vc_button][\/vc_column][vc_column column_width_percent=&#8220;100&#8243; align_horizontal=&#8220;align_center&#8220; gutter_size=&#8220;2&#8243; override_padding=&#8220;yes&#8220; column_padding=&#8220;3&#8243; back_color=&#8220;color-gyho&#8220; overlay_alpha=&#8220;50&#8243; shift_x=&#8220;0&#8243; shift_y=&#8220;0&#8243; shift_y_down=&#8220;0&#8243; z_index=&#8220;0&#8243; medium_width=&#8220;0&#8243; mobile_width=&#8220;0&#8243; radius=&#8220;sm&#8220; width=&#8220;1\/2&#8243;][vc_custom_heading heading_semantic=&#8220;h3&#8243; sub_reduced=&#8220;yes&#8220; subheading=&#8220;Wir arbeiten nach dem Wachsausschmelzverfahren, das sich in 2000 Jahren nicht wesentlich ver\u00e4ndert hat.&#8220; uncode_shortcode_id=&#8220;195455&#8243;]Bronzeguss[\/vc_custom_heading][vc_button button_color=&#8220;accent&#8220; border_width=&#8220;0&#8243; link=&#8220;url:%23bronzeguss&#8220; button_color_type=&#8220;uncode-palette&#8220; uncode_shortcode_id=&#8220;148561&#8243;]weitere Informationen[\/vc_button][\/vc_column][\/vc_row][vc_row row_height_percent=&#8220;0&#8243; override_padding=&#8220;yes&#8220; h_padding=&#8220;2&#8243; top_padding=&#8220;5&#8243; bottom_padding=&#8220;3&#8243; back_color=&#8220;color-lxmt&#8220; overlay_alpha=&#8220;50&#8243; equal_height=&#8220;yes&#8220; gutter_size=&#8220;4&#8243; column_width_percent=&#8220;100&#8243; shift_y=&#8220;0&#8243; z_index=&#8220;0&#8243; el_class=&#8220;inverted-device-order&#8220; uncode_shortcode_id=&#8220;380327&#8243; shape_dividers=&#8220;&#8220; row_name=&#8220;Bildhauereikompakt&#8220; back_color_type=&#8220;uncode-palette&#8220;][vc_column column_width_percent=&#8220;100&#8243; position_vertical=&#8220;middle&#8220; gutter_size=&#8220;3&#8243; overlay_alpha=&#8220;50&#8243; shift_x=&#8220;0&#8243; shift_y=&#8220;0&#8243; shift_y_down=&#8220;0&#8243; z_index=&#8220;0&#8243; medium_width=&#8220;0&#8243; mobile_width=&#8220;0&#8243; width=&#8220;1\/2&#8243;][vc_custom_heading heading_semantic=&#8220;h3&#8243; text_size=&#8220;fontsize-150170&#8243; uncode_shortcode_id=&#8220;407059&#8243; subheading=&#8220;Bildhauerei&#8220;]Schnupperkurs[\/vc_custom_heading][vc_column_text text_lead=&#8220;yes&#8220; uncode_shortcode_id=&#8220;178994&#8243;]Kompaktkurse sind konzipiert, um die Steinbildhauerei kennen zu lernen. Sie erhalten eine Einf\u00fchrung in Werkzeug- und Werkstoffkunde und schaffen eine kleine Steinskulptur aus weichem Sandstein, ideal auch als Geschenkgutschein.[\/vc_column_text][vc_row_inner][vc_column_inner width=&#8220;1\/2&#8243;][vc_custom_heading heading_semantic=&#8220;h3&#8243; text_size=&#8220;h4&#8243; subheading=&#8220;01. Oktober 2023<br \/>\n22. Oktober 2023&#8243; uncode_shortcode_id=&#8220;527157&#8243; text_color_type=&#8220;uncode-palette&#8220; text_color_solid=&#8220;#ff0000&#8243;]Termine[\/vc_custom_heading][\/vc_column_inner][vc_column_inner width=&#8220;1\/2&#8243;][vc_custom_heading heading_semantic=&#8220;h3&#8243; text_size=&#8220;h4&#8243; subheading=&#8220;10 \u2013 18 Uhr<br \/>\ninklusive Mittagessen<br \/>\n98 \u20ac<\/p>\n<p>Steinkosten ca. 15-30 \u20ac&#8220; uncode_shortcode_id=&#8220;128033&#8243; text_color_type=&#8220;uncode-palette&#8220; text_color_solid=&#8220;#ff0000&#8243;]Kosten[\/vc_custom_heading][\/vc_column_inner][\/vc_row_inner][\/vc_column][vc_column width=&#8220;1\/2&#8243;][vc_single_image media=&#8220;10&#8243; media_width_percent=&#8220;100&#8243;][vc_button button_color=&#8220;accent&#8220; border_width=&#8220;0&#8243; link=&#8220;url:%23||target:%20_blank|&#8220; button_color_type=&#8220;uncode-palette&#8220; uncode_shortcode_id=&#8220;196459&#8243;]zur Anmeldung[\/vc_button][\/vc_column][\/vc_row][vc_row row_height_percent=&#8220;0&#8243; override_padding=&#8220;yes&#8220; h_padding=&#8220;2&#8243; top_padding=&#8220;1&#8243; bottom_padding=&#8220;3&#8243; back_color=&#8220;color-lxmt&#8220; overlay_alpha=&#8220;50&#8243; equal_height=&#8220;yes&#8220; gutter_size=&#8220;4&#8243; column_width_percent=&#8220;100&#8243; shift_y=&#8220;0&#8243; z_index=&#8220;0&#8243; el_class=&#8220;inverted-device-order&#8220; uncode_shortcode_id=&#8220;366489&#8243; back_color_type=&#8220;uncode-palette&#8220; shape_dividers=&#8220;&#8220;][vc_column width=&#8220;1\/2&#8243;][vc_single_image media=&#8220;10&#8243; media_width_percent=&#8220;100&#8243;][vc_button button_color=&#8220;accent&#8220; border_width=&#8220;0&#8243; link=&#8220;url:%23||target:%20_blank|&#8220; button_color_type=&#8220;uncode-palette&#8220; uncode_shortcode_id=&#8220;196459&#8243;]zur Anmeldung[\/vc_button][\/vc_column][vc_column column_width_percent=&#8220;100&#8243; position_vertical=&#8220;middle&#8220; gutter_size=&#8220;3&#8243; overlay_alpha=&#8220;50&#8243; shift_x=&#8220;0&#8243; shift_y=&#8220;0&#8243; shift_y_down=&#8220;0&#8243; z_index=&#8220;0&#8243; medium_width=&#8220;0&#8243; mobile_width=&#8220;0&#8243; width=&#8220;1\/2&#8243;][vc_custom_heading heading_semantic=&#8220;h3&#8243; text_size=&#8220;fontsize-150170&#8243; uncode_shortcode_id=&#8220;181273&#8243; subheading=&#8220;Bildhauerei in Ton, Stein und Holz&#8220;]Themenkurs &#8222;Portrait in Ton&#8220;[\/vc_custom_heading][vc_column_text text_lead=&#8220;yes&#8220; uncode_shortcode_id=&#8220;140239&#8243;]Themenkurse beinhalten einen kunstgeschichtlichen Vortrag und eine praktische Einf\u00fchrung in das Thema.[\/vc_column_text][vc_row_inner][vc_column_inner width=&#8220;1\/2&#8243;][vc_custom_heading heading_semantic=&#8220;h3&#8243; text_size=&#8220;h4&#8243; subheading=&#8220;4.\/5. Februar 2023&#8243; uncode_shortcode_id=&#8220;228879&#8243;]Termine[\/vc_custom_heading][\/vc_column_inner][vc_column_inner width=&#8220;1\/2&#8243;][vc_custom_heading heading_semantic=&#8220;h3&#8243; text_size=&#8220;h4&#8243; subheading=&#8220;Samstag und Sonntag 10-18 Uhr<br \/>\ninklusive 2 Mittagessen und Material<br \/>\n198 \u20ac&#8220; uncode_shortcode_id=&#8220;954129&#8243; text_color_type=&#8220;uncode-palette&#8220; text_color_solid=&#8220;#ff0000&#8243;]Kosten[\/vc_custom_heading][\/vc_column_inner][\/vc_row_inner][\/vc_column][\/vc_row][vc_row row_height_percent=&#8220;0&#8243; override_padding=&#8220;yes&#8220; h_padding=&#8220;2&#8243; top_padding=&#8220;5&#8243; bottom_padding=&#8220;3&#8243; overlay_alpha=&#8220;50&#8243; equal_height=&#8220;yes&#8220; gutter_size=&#8220;4&#8243; column_width_percent=&#8220;100&#8243; shift_y=&#8220;0&#8243; z_index=&#8220;0&#8243; el_class=&#8220;inverted-device-order&#8220; uncode_shortcode_id=&#8220;178708&#8243; row_name=&#8220;Bronzeguss&#8220;][vc_column column_width_percent=&#8220;100&#8243; position_vertical=&#8220;middle&#8220; gutter_size=&#8220;3&#8243; overlay_alpha=&#8220;50&#8243; shift_x=&#8220;0&#8243; shift_y=&#8220;0&#8243; shift_y_down=&#8220;0&#8243; z_index=&#8220;0&#8243; medium_width=&#8220;0&#8243; mobile_width=&#8220;0&#8243; width=&#8220;1\/2&#8243;][vc_custom_heading heading_semantic=&#8220;h3&#8243; text_size=&#8220;fontsize-150170&#8243; uncode_shortcode_id=&#8220;173174&#8243;]Bronzeguss[\/vc_custom_heading][vc_column_text text_lead=&#8220;yes&#8220; uncode_shortcode_id=&#8220;150021&#8243;]Es ist jedes Mal ein magischer Augenblick, wenn die wei\u00dfgl\u00fchende, fl\u00fcssige Bronze in d\u00fcnnem Strahl die Sandformen f\u00fcllt und wenig sp\u00e4ter als erkaltete Skulptur erscheint.<\/p>\n<p>Wir arbeiten nach dem Wachsausschmelzverfahren, das sich in 2000 Jahren nicht wesentlich ver\u00e4ndert hat. Am 1. Tag wird die sp\u00e4tere Skulptur aus Wachs hergestellt und in ein Sand\/Gips-Gemisch eingegossen. \u00dcber Nacht wird im Ofen die Wachsform \u00fcber Kopf ausgeschmolzen.<\/p>\n<p>In die entstandene H\u00f6hlung gie\u00dfen wir am n\u00e4chsten Tag die Bronze. Jetzt m\u00fcssen nur noch die Eingusstrichter und Entl\u00fcftungen entfernt werden, danach geht es an die Oberfl\u00e4chengestaltung. F\u00fcr fehlerhafte G\u00fcsse k\u00f6nnen\u00a0wir keine Haftung\u00a0\u00fcbernehmen.[\/vc_column_text][vc_button button_color=&#8220;accent&#8220; border_width=&#8220;0&#8243; link=&#8220;url:%23||target:%20_blank|&#8220; button_color_type=&#8220;uncode-palette&#8220; uncode_shortcode_id=&#8220;196459&#8243;]zur Anmeldung[\/vc_button][\/vc_column][vc_column width=&#8220;1\/2&#8243;][vc_single_image media=&#8220;10&#8243; media_width_percent=&#8220;100&#8243;][vc_row_inner][vc_column_inner width=&#8220;1\/2&#8243;][vc_custom_heading heading_semantic=&#8220;h3&#8243; text_size=&#8220;h4&#8243; subheading=&#8220;7.\/8. Oktober 2023<br \/>\n2.\/3. M\u00e4rz 2024<br \/>\n4.\/5. Mai 2024<br \/>\n27.\/28. Juli 2024&#8243; uncode_shortcode_id=&#8220;861180&#8243; text_color_type=&#8220;uncode-palette&#8220; text_color_solid=&#8220;#ff0000&#8243;]Termine[\/vc_custom_heading][\/vc_column_inner][vc_column_inner width=&#8220;1\/2&#8243;][vc_custom_heading heading_semantic=&#8220;h3&#8243; text_size=&#8220;h4&#8243; subheading=&#8220;2 Tage professionelle Begleitung<br \/>\neigene Bronzeskulptur bis 2,5 kg, max. 25 x 10 x 10 cm<br \/>\nInklusive aller Materialien und 2 Mittagessen<br \/>\n480 \u20ac&#8220; uncode_shortcode_id=&#8220;190496&#8243; text_color_type=&#8220;uncode-palette&#8220; text_color_solid=&#8220;#ff0000&#8243;]Kosten[\/vc_custom_heading][\/vc_column_inner][\/vc_row_inner][\/vc_column][\/vc_row]<\/p>\n<\/section>","protected":false},"excerpt":{"rendered":"<p>Kompakttage sind konzipiert, um die jeweilige Kunstform kennen zu lernen.<\/p>\n","protected":false},"author":1,"featured_media":308,"parent":27,"menu_order":0,"comment_status":"closed","ping_status":"closed","template":"","meta":{"footnotes":""},"class_list":["post-49","page","type-page","status-publish","has-post-thumbnail","hentry"],"_links":{"self":[{"href":"https:\/\/artprojekt.vertikahl.dev\/index.php?rest_route=\/wp\/v2\/pages\/49","targetHints":{"allow":["GET"]}}],"collection":[{"href":"https:\/\/artprojekt.vertikahl.dev\/index.php?rest_route=\/wp\/v2\/pages"}],"about":[{"href":"https:\/\/artprojekt.vertikahl.dev\/index.php?rest_route=\/wp\/v2\/types\/page"}],"author":[{"embeddable":true,"href":"https:\/\/artprojekt.vertikahl.dev\/index.php?rest_route=\/wp\/v2\/users\/1"}],"replies":[{"embeddable":true,"href":"https:\/\/artprojekt.vertikahl.dev\/index.php?rest_route=%2Fwp%2Fv2%2Fcomments&post=49"}],"version-history":[{"count":18,"href":"https:\/\/artprojekt.vertikahl.dev\/index.php?rest_route=\/wp\/v2\/pages\/49\/revisions"}],"predecessor-version":[{"id":307,"href":"https:\/\/artprojekt.vertikahl.dev\/index.php?rest_route=\/wp\/v2\/pages\/49\/revisions\/307"}],"up":[{"embeddable":true,"href":"https:\/\/artprojekt.vertikahl.dev\/index.php?rest_route=\/wp\/v2\/pages\/27"}],"wp:featuredmedia":[{"embeddable":true,"href":"https:\/\/artprojekt.vertikahl.dev\/index.php?rest_route=\/wp\/v2\/media\/308"}],"wp:attachment":[{"href":"https:\/\/artprojekt.vertikahl.dev\/index.php?rest_route=%2Fwp%2Fv2%2Fmedia&parent=49"}],"curies":[{"name":"wp","href":"https:\/\/api.w.org\/{rel}","templated":true}]}}